{"id":84409,"date":"2019-10-23T22:37:54","date_gmt":"2019-10-23T22:37:54","guid":{"rendered":"https:\/\/mu-qas.lbel.com\/cl\/despierta-con-una-piel-sonada\/"},"modified":"2022-12-26T23:38:37","modified_gmt":"2022-12-26T23:38:37","slug":"linea-nocturne","status":"publish","type":"page","link":"https:\/\/mu-qas.lbel.com\/cl\/linea-nocturne\/","title":{"rendered":"Despierta con una piel so\u00f1ada"},"content":{"rendered":"","protected":false},"excerpt":{"rendered":"","protected":false},"author":1,"featured_media":0,"parent":0,"menu_order":4,"comment_status":"closed","ping_status":"closed","template":"templates\/template-nocturne.php","meta":[],"acf":[],"yoast_head":"<!-- This site is optimized with the Yoast SEO plugin v16.7 - https:\/\/yoast.com\/wordpress\/plugins\/seo\/ -->\n<title>L\u00ednea de tratamiento facial Nocturne con \u00e1cido hialur\u00f3nico - L\u00b4Bel Chile<\/title>\n<meta name=\"description\" content=\"Conoce la l\u00ednea de tratamiento facial Nocturne. Sus productos tienen \u00e1cido hialur\u00f3nico para hidratar la piel del rostro y disminuir arrugas .\u00a1Desc\u00fabrelos aqu\u00ed!\" \/>\n<meta name=\"robots\" content=\"index, follow, max-snippet:-1, max-image-preview:large, max-video-preview:-1\" \/>\n<link rel=\"canonical\" href=\"https:\/\/mu-qas.lbel.com\/cl\/linea-nocturne\/\" \/>\n<meta property=\"og:locale\" content=\"es_ES\" \/>\n<meta property=\"og:type\" content=\"article\" \/>\n<meta property=\"og:title\" content=\"L\u00ednea de tratamiento facial Nocturne con \u00e1cido hialur\u00f3nico\" \/>\n<meta property=\"og:description\" content=\"Conoce la l\u00ednea de tratamiento facial Nocturne. Sus productos tienen \u00e1cido hialur\u00f3nico para hidratar la piel del rostro y disminuir arrugas .\u00a1Desc\u00fabrelos aqu\u00ed!\" \/>\n<meta property=\"og:url\" content=\"https:\/\/mu-qas.lbel.com\/cl\/linea-nocturne\/\" \/>\n<meta property=\"og:site_name\" content=\"L&#039;Bel Chile\" \/>\n<meta property=\"article:modified_time\" content=\"2022-12-26T23:38:37+00:00\" \/>\n<meta property=\"og:image\" content=\"https:\/\/mu-qas.lbel.com\/cl\/wp-content\/uploads\/sites\/4\/2022\/05\/5_Labial_Infini_en_barra_hidratante_y_de_larga_duracion-1.jpg\" \/>\n\t<meta property=\"og:image:width\" content=\"1740\" \/>\n\t<meta property=\"og:image:height\" content=\"1056\" \/>\n<meta name=\"twitter:card\" content=\"summary_large_image\" \/>\n<meta name=\"twitter:title\" content=\"L\u00ednea de tratamiento facial Nocturne con \u00e1cido hialur\u00f3nico\" \/>\n<meta name=\"twitter:description\" content=\"Conoce la l\u00ednea de tratamiento facial Nocturne. Sus productos tienen \u00e1cido hialur\u00f3nico para hidratar la piel del rostro y disminuir arrugas .\u00a1Desc\u00fabrelos aqu\u00ed!\" \/>\n<meta name=\"twitter:image\" content=\"https:\/\/mu-qas.lbel.com\/cl\/wp-content\/uploads\/sites\/4\/2022\/05\/5_Labial_Infini_en_barra_hidratante_y_de_larga_duracion-1.jpg\" \/>\n<script type=\"application\/ld+json\" class=\"yoast-schema-graph\">{\"@context\":\"https:\/\/schema.org\",\"@graph\":[{\"@type\":\"WebSite\",\"@id\":\"https:\/\/mu-qas.lbel.com\/cl\/#website\",\"url\":\"https:\/\/mu-qas.lbel.com\/cl\/\",\"name\":\"L&#039;Bel Chile\",\"description\":\"Otro sitio m\\u00e1s de L&#039;Bel MultiSite\",\"potentialAction\":[{\"@type\":\"SearchAction\",\"target\":{\"@type\":\"EntryPoint\",\"urlTemplate\":\"https:\/\/mu-qas.lbel.com\/cl\/?s={search_term_string}\"},\"query-input\":\"required name=search_term_string\"}],\"inLanguage\":\"es\"},{\"@type\":\"ImageObject\",\"@id\":\"https:\/\/mu-qas.lbel.com\/cl\/linea-nocturne\/#primaryimage\",\"inLanguage\":\"es\",\"url\":\"https:\/\/mu-qas.lbel.com\/cl\/wp-content\/uploads\/sites\/4\/2022\/05\/5_Labial_Infini_en_barra_hidratante_y_de_larga_duracion-1.jpg\",\"contentUrl\":\"https:\/\/mu-qas.lbel.com\/cl\/wp-content\/uploads\/sites\/4\/2022\/05\/5_Labial_Infini_en_barra_hidratante_y_de_larga_duracion-1.jpg\",\"width\":1740,\"height\":1056,\"caption\":\"Labial_Infini_en_barra_hidratante_y_de_larga_duracion\"},{\"@type\":\"WebPage\",\"@id\":\"https:\/\/mu-qas.lbel.com\/cl\/linea-nocturne\/#webpage\",\"url\":\"https:\/\/mu-qas.lbel.com\/cl\/linea-nocturne\/\",\"name\":\"L\\u00ednea de tratamiento facial Nocturne con \\u00e1cido hialur\\u00f3nico - L\\u00b4Bel Chile\",\"isPartOf\":{\"@id\":\"https:\/\/mu-qas.lbel.com\/cl\/#website\"},\"datePublished\":\"2019-10-23T22:37:54+00:00\",\"dateModified\":\"2022-12-26T23:38:37+00:00\",\"description\":\"Conoce la l\\u00ednea de tratamiento facial Nocturne. Sus productos tienen \\u00e1cido hialur\\u00f3nico para hidratar la piel del rostro y disminuir arrugas .\\u00a1Desc\\u00fabrelos aqu\\u00ed!\",\"breadcrumb\":{\"@id\":\"https:\/\/mu-qas.lbel.com\/cl\/linea-nocturne\/#breadcrumb\"},\"inLanguage\":\"es\",\"potentialAction\":[{\"@type\":\"ReadAction\",\"target\":[\"https:\/\/mu-qas.lbel.com\/cl\/linea-nocturne\/\"]}]},{\"@type\":\"BreadcrumbList\",\"@id\":\"https:\/\/mu-qas.lbel.com\/cl\/linea-nocturne\/#breadcrumb\",\"itemListElement\":[{\"@type\":\"ListItem\",\"position\":1,\"name\":\"Despierta con una piel so\\u00f1ada\"}]}]}<\/script>\n<!-- \/ Yoast SEO plugin. -->","yoast_head_json":{"title":"L\u00ednea de tratamiento facial Nocturne con \u00e1cido hialur\u00f3nico - L\u00b4Bel Chile","description":"Conoce la l\u00ednea de tratamiento facial Nocturne. Sus productos tienen \u00e1cido hialur\u00f3nico para hidratar la piel del rostro y disminuir arrugas .\u00a1Desc\u00fabrelos aqu\u00ed!","robots":{"index":"index","follow":"follow","max-snippet":"max-snippet:-1","max-image-preview":"max-image-preview:large","max-video-preview":"max-video-preview:-1"},"canonical":"https:\/\/mu-qas.lbel.com\/cl\/linea-nocturne\/","og_locale":"es_ES","og_type":"article","og_title":"L\u00ednea de tratamiento facial Nocturne con \u00e1cido hialur\u00f3nico","og_description":"Conoce la l\u00ednea de tratamiento facial Nocturne. Sus productos tienen \u00e1cido hialur\u00f3nico para hidratar la piel del rostro y disminuir arrugas .\u00a1Desc\u00fabrelos aqu\u00ed!","og_url":"https:\/\/mu-qas.lbel.com\/cl\/linea-nocturne\/","og_site_name":"L&#039;Bel Chile","article_modified_time":"2022-12-26T23:38:37+00:00","og_image":[{"width":1740,"height":1056,"url":"https:\/\/mu-qas.lbel.com\/cl\/wp-content\/uploads\/sites\/4\/2022\/05\/5_Labial_Infini_en_barra_hidratante_y_de_larga_duracion-1.jpg","path":"\/var\/www\/html\/lbelmultisite\/wp-content\/uploads\/sites\/4\/2022\/05\/5_Labial_Infini_en_barra_hidratante_y_de_larga_duracion-1.jpg","size":"full","id":"96480","alt":"Labial_Infini_en_barra_hidratante_y_de_larga_duracion","pixels":1837440,"type":"image\/jpeg"}],"twitter_card":"summary_large_image","twitter_title":"L\u00ednea de tratamiento facial Nocturne con \u00e1cido hialur\u00f3nico","twitter_description":"Conoce la l\u00ednea de tratamiento facial Nocturne. Sus productos tienen \u00e1cido hialur\u00f3nico para hidratar la piel del rostro y disminuir arrugas .\u00a1Desc\u00fabrelos aqu\u00ed!","twitter_image":"https:\/\/mu-qas.lbel.com\/cl\/wp-content\/uploads\/sites\/4\/2022\/05\/5_Labial_Infini_en_barra_hidratante_y_de_larga_duracion-1.jpg","schema":{"@context":"https:\/\/schema.org","@graph":[{"@type":"WebSite","@id":"https:\/\/mu-qas.lbel.com\/cl\/#website","url":"https:\/\/mu-qas.lbel.com\/cl\/","name":"L&#039;Bel Chile","description":"Otro sitio m\u00e1s de L&#039;Bel MultiSite","potentialAction":[{"@type":"SearchAction","target":{"@type":"EntryPoint","urlTemplate":"https:\/\/mu-qas.lbel.com\/cl\/?s={search_term_string}"},"query-input":"required name=search_term_string"}],"inLanguage":"es"},{"@type":"ImageObject","@id":"https:\/\/mu-qas.lbel.com\/cl\/linea-nocturne\/#primaryimage","inLanguage":"es","url":"https:\/\/mu-qas.lbel.com\/cl\/wp-content\/uploads\/sites\/4\/2022\/05\/5_Labial_Infini_en_barra_hidratante_y_de_larga_duracion-1.jpg","contentUrl":"https:\/\/mu-qas.lbel.com\/cl\/wp-content\/uploads\/sites\/4\/2022\/05\/5_Labial_Infini_en_barra_hidratante_y_de_larga_duracion-1.jpg","width":1740,"height":1056,"caption":"Labial_Infini_en_barra_hidratante_y_de_larga_duracion"},{"@type":"WebPage","@id":"https:\/\/mu-qas.lbel.com\/cl\/linea-nocturne\/#webpage","url":"https:\/\/mu-qas.lbel.com\/cl\/linea-nocturne\/","name":"L\u00ednea de tratamiento facial Nocturne con \u00e1cido hialur\u00f3nico - L\u00b4Bel Chile","isPartOf":{"@id":"https:\/\/mu-qas.lbel.com\/cl\/#website"},"datePublished":"2019-10-23T22:37:54+00:00","dateModified":"2022-12-26T23:38:37+00:00","description":"Conoce la l\u00ednea de tratamiento facial Nocturne. Sus productos tienen \u00e1cido hialur\u00f3nico para hidratar la piel del rostro y disminuir arrugas .\u00a1Desc\u00fabrelos aqu\u00ed!","breadcrumb":{"@id":"https:\/\/mu-qas.lbel.com\/cl\/linea-nocturne\/#breadcrumb"},"inLanguage":"es","potentialAction":[{"@type":"ReadAction","target":["https:\/\/mu-qas.lbel.com\/cl\/linea-nocturne\/"]}]},{"@type":"BreadcrumbList","@id":"https:\/\/mu-qas.lbel.com\/cl\/linea-nocturne\/#breadcrumb","itemListElement":[{"@type":"ListItem","position":1,"name":"Despierta con una piel so\u00f1ada"}]}]}},"_links":{"self":[{"href":"https:\/\/mu-qas.lbel.com\/cl\/wp-json\/wp\/v2\/pages\/84409"}],"collection":[{"href":"https:\/\/mu-qas.lbel.com\/cl\/wp-json\/wp\/v2\/pages"}],"about":[{"href":"https:\/\/mu-qas.lbel.com\/cl\/wp-json\/wp\/v2\/types\/page"}],"author":[{"embeddable":true,"href":"https:\/\/mu-qas.lbel.com\/cl\/wp-json\/wp\/v2\/users\/1"}],"replies":[{"embeddable":true,"href":"https:\/\/mu-qas.lbel.com\/cl\/wp-json\/wp\/v2\/comments?post=84409"}],"version-history":[{"count":1,"href":"https:\/\/mu-qas.lbel.com\/cl\/wp-json\/wp\/v2\/pages\/84409\/revisions"}],"predecessor-version":[{"id":86013,"href":"https:\/\/mu-qas.lbel.com\/cl\/wp-json\/wp\/v2\/pages\/84409\/revisions\/86013"}],"wp:attachment":[{"href":"https:\/\/mu-qas.lbel.com\/cl\/wp-json\/wp\/v2\/media?parent=84409"}],"curies":[{"name":"wp","href":"https:\/\/api.w.org\/{rel}","templated":true}]}}