{"id":66143,"date":"2019-10-23T22:37:54","date_gmt":"2019-10-23T22:37:54","guid":{"rendered":"https:\/\/mu-qas.lbel.com\/ec\/despierta-con-una-piel-sonada\/"},"modified":"2022-12-26T23:41:31","modified_gmt":"2022-12-26T23:41:31","slug":"linea-nocturne","status":"publish","type":"page","link":"https:\/\/mu-qas.lbel.com\/ec\/linea-nocturne\/","title":{"rendered":"Despierta con una piel so\u00f1ada"},"content":{"rendered":"","protected":false},"excerpt":{"rendered":"","protected":false},"author":1,"featured_media":0,"parent":0,"menu_order":4,"comment_status":"closed","ping_status":"closed","template":"templates\/template-nocturne.php","meta":[],"acf":[],"yoast_head":"<!-- This site is optimized with the Yoast SEO plugin v16.7 - https:\/\/yoast.com\/wordpress\/plugins\/seo\/ -->\n<title>L\u00ednea de tratamiento facial Nocturne con \u00e1cido hialur\u00f3nico - L\u00b4Bel Ecuador<\/title>\n<meta name=\"description\" content=\"Conoce la l\u00ednea de tratamiento facial Nocturne. Sus productos tienen \u00e1cido hialur\u00f3nico para hidratar la piel del rostro y disminuir arrugas .\u00a1Desc\u00fabrelos aqu\u00ed!\" \/>\n<meta name=\"robots\" content=\"index, follow, max-snippet:-1, max-image-preview:large, max-video-preview:-1\" \/>\n<link rel=\"canonical\" href=\"https:\/\/mu-qas.lbel.com\/ec\/linea-nocturne\/\" \/>\n<meta property=\"og:locale\" content=\"es_ES\" \/>\n<meta property=\"og:type\" content=\"article\" \/>\n<meta property=\"og:title\" content=\"L\u00ednea de tratamiento facial Nocturne con \u00e1cido hialur\u00f3nico\" \/>\n<meta property=\"og:description\" content=\"Conoce la l\u00ednea de tratamiento facial Nocturne. Sus productos tienen \u00e1cido hialur\u00f3nico para hidratar la piel del rostro y disminuir arrugas .\u00a1Desc\u00fabrelos aqu\u00ed!\" \/>\n<meta property=\"og:url\" content=\"https:\/\/mu-qas.lbel.com\/ec\/linea-nocturne\/\" \/>\n<meta property=\"og:site_name\" content=\"L&#039;Bel Ecuador\" \/>\n<meta property=\"article:modified_time\" content=\"2022-12-26T23:41:31+00:00\" \/>\n<meta name=\"twitter:card\" content=\"summary_large_image\" \/>\n<meta name=\"twitter:title\" content=\"L\u00ednea de tratamiento facial Nocturne con \u00e1cido hialur\u00f3nico\" \/>\n<meta name=\"twitter:description\" content=\"Conoce la l\u00ednea de tratamiento facial Nocturne. Sus productos tienen \u00e1cido hialur\u00f3nico para hidratar la piel del rostro y disminuir arrugas .\u00a1Desc\u00fabrelos aqu\u00ed!\" \/>\n<script type=\"application\/ld+json\" class=\"yoast-schema-graph\">{\"@context\":\"https:\/\/schema.org\",\"@graph\":[{\"@type\":\"WebSite\",\"@id\":\"https:\/\/mu-qas.lbel.com\/ec\/#website\",\"url\":\"https:\/\/mu-qas.lbel.com\/ec\/\",\"name\":\"L&#039;Bel Ecuador\",\"description\":\"Otro sitio m\\u00e1s de L&#039;Bel MultiSite\",\"potentialAction\":[{\"@type\":\"SearchAction\",\"target\":{\"@type\":\"EntryPoint\",\"urlTemplate\":\"https:\/\/mu-qas.lbel.com\/ec\/?s={search_term_string}\"},\"query-input\":\"required name=search_term_string\"}],\"inLanguage\":\"es\"},{\"@type\":\"ImageObject\",\"@id\":\"https:\/\/mu-qas.lbel.com\/ec\/linea-nocturne\/#primaryimage\",\"inLanguage\":\"es\",\"url\":\"\",\"contentUrl\":\"\"},{\"@type\":\"WebPage\",\"@id\":\"https:\/\/mu-qas.lbel.com\/ec\/linea-nocturne\/#webpage\",\"url\":\"https:\/\/mu-qas.lbel.com\/ec\/linea-nocturne\/\",\"name\":\"L\\u00ednea de tratamiento facial Nocturne con \\u00e1cido hialur\\u00f3nico - L\\u00b4Bel Ecuador\",\"isPartOf\":{\"@id\":\"https:\/\/mu-qas.lbel.com\/ec\/#website\"},\"datePublished\":\"2019-10-23T22:37:54+00:00\",\"dateModified\":\"2022-12-26T23:41:31+00:00\",\"description\":\"Conoce la l\\u00ednea de tratamiento facial Nocturne. Sus productos tienen \\u00e1cido hialur\\u00f3nico para hidratar la piel del rostro y disminuir arrugas .\\u00a1Desc\\u00fabrelos aqu\\u00ed!\",\"breadcrumb\":{\"@id\":\"https:\/\/mu-qas.lbel.com\/ec\/linea-nocturne\/#breadcrumb\"},\"inLanguage\":\"es\",\"potentialAction\":[{\"@type\":\"ReadAction\",\"target\":[\"https:\/\/mu-qas.lbel.com\/ec\/linea-nocturne\/\"]}]},{\"@type\":\"BreadcrumbList\",\"@id\":\"https:\/\/mu-qas.lbel.com\/ec\/linea-nocturne\/#breadcrumb\",\"itemListElement\":[{\"@type\":\"ListItem\",\"position\":1,\"name\":\"Despierta con una piel so\\u00f1ada\"}]}]}<\/script>\n<!-- \/ Yoast SEO plugin. -->","yoast_head_json":{"title":"L\u00ednea de tratamiento facial Nocturne con \u00e1cido hialur\u00f3nico - L\u00b4Bel Ecuador","description":"Conoce la l\u00ednea de tratamiento facial Nocturne. Sus productos tienen \u00e1cido hialur\u00f3nico para hidratar la piel del rostro y disminuir arrugas .\u00a1Desc\u00fabrelos aqu\u00ed!","robots":{"index":"index","follow":"follow","max-snippet":"max-snippet:-1","max-image-preview":"max-image-preview:large","max-video-preview":"max-video-preview:-1"},"canonical":"https:\/\/mu-qas.lbel.com\/ec\/linea-nocturne\/","og_locale":"es_ES","og_type":"article","og_title":"L\u00ednea de tratamiento facial Nocturne con \u00e1cido hialur\u00f3nico","og_description":"Conoce la l\u00ednea de tratamiento facial Nocturne. Sus productos tienen \u00e1cido hialur\u00f3nico para hidratar la piel del rostro y disminuir arrugas .\u00a1Desc\u00fabrelos aqu\u00ed!","og_url":"https:\/\/mu-qas.lbel.com\/ec\/linea-nocturne\/","og_site_name":"L&#039;Bel Ecuador","article_modified_time":"2022-12-26T23:41:31+00:00","twitter_card":"summary_large_image","twitter_title":"L\u00ednea de tratamiento facial Nocturne con \u00e1cido hialur\u00f3nico","twitter_description":"Conoce la l\u00ednea de tratamiento facial Nocturne. Sus productos tienen \u00e1cido hialur\u00f3nico para hidratar la piel del rostro y disminuir arrugas .\u00a1Desc\u00fabrelos aqu\u00ed!","schema":{"@context":"https:\/\/schema.org","@graph":[{"@type":"WebSite","@id":"https:\/\/mu-qas.lbel.com\/ec\/#website","url":"https:\/\/mu-qas.lbel.com\/ec\/","name":"L&#039;Bel Ecuador","description":"Otro sitio m\u00e1s de L&#039;Bel MultiSite","potentialAction":[{"@type":"SearchAction","target":{"@type":"EntryPoint","urlTemplate":"https:\/\/mu-qas.lbel.com\/ec\/?s={search_term_string}"},"query-input":"required name=search_term_string"}],"inLanguage":"es"},{"@type":"ImageObject","@id":"https:\/\/mu-qas.lbel.com\/ec\/linea-nocturne\/#primaryimage","inLanguage":"es","url":"","contentUrl":""},{"@type":"WebPage","@id":"https:\/\/mu-qas.lbel.com\/ec\/linea-nocturne\/#webpage","url":"https:\/\/mu-qas.lbel.com\/ec\/linea-nocturne\/","name":"L\u00ednea de tratamiento facial Nocturne con \u00e1cido hialur\u00f3nico - L\u00b4Bel Ecuador","isPartOf":{"@id":"https:\/\/mu-qas.lbel.com\/ec\/#website"},"datePublished":"2019-10-23T22:37:54+00:00","dateModified":"2022-12-26T23:41:31+00:00","description":"Conoce la l\u00ednea de tratamiento facial Nocturne. Sus productos tienen \u00e1cido hialur\u00f3nico para hidratar la piel del rostro y disminuir arrugas .\u00a1Desc\u00fabrelos aqu\u00ed!","breadcrumb":{"@id":"https:\/\/mu-qas.lbel.com\/ec\/linea-nocturne\/#breadcrumb"},"inLanguage":"es","potentialAction":[{"@type":"ReadAction","target":["https:\/\/mu-qas.lbel.com\/ec\/linea-nocturne\/"]}]},{"@type":"BreadcrumbList","@id":"https:\/\/mu-qas.lbel.com\/ec\/linea-nocturne\/#breadcrumb","itemListElement":[{"@type":"ListItem","position":1,"name":"Despierta con una piel so\u00f1ada"}]}]}},"_links":{"self":[{"href":"https:\/\/mu-qas.lbel.com\/ec\/wp-json\/wp\/v2\/pages\/66143"}],"collection":[{"href":"https:\/\/mu-qas.lbel.com\/ec\/wp-json\/wp\/v2\/pages"}],"about":[{"href":"https:\/\/mu-qas.lbel.com\/ec\/wp-json\/wp\/v2\/types\/page"}],"author":[{"embeddable":true,"href":"https:\/\/mu-qas.lbel.com\/ec\/wp-json\/wp\/v2\/users\/1"}],"replies":[{"embeddable":true,"href":"https:\/\/mu-qas.lbel.com\/ec\/wp-json\/wp\/v2\/comments?post=66143"}],"version-history":[{"count":1,"href":"https:\/\/mu-qas.lbel.com\/ec\/wp-json\/wp\/v2\/pages\/66143\/revisions"}],"predecessor-version":[{"id":67725,"href":"https:\/\/mu-qas.lbel.com\/ec\/wp-json\/wp\/v2\/pages\/66143\/revisions\/67725"}],"wp:attachment":[{"href":"https:\/\/mu-qas.lbel.com\/ec\/wp-json\/wp\/v2\/media?parent=66143"}],"curies":[{"name":"wp","href":"https:\/\/api.w.org\/{rel}","templated":true}]}}