{"id":62190,"date":"2019-12-09T18:56:38","date_gmt":"2019-12-09T18:56:38","guid":{"rendered":"https:\/\/mu-qas.lbel.com\/mx\/?page_id=62190"},"modified":"2019-12-11T17:17:00","modified_gmt":"2019-12-11T17:17:00","slug":"perfumes-para-mi","status":"publish","type":"page","link":"https:\/\/mu-qas.lbel.com\/mx\/perfumes-para-mi\/","title":{"rendered":"Perfumes para mi"},"content":{"rendered":"","protected":false},"excerpt":{"rendered":"","protected":false},"author":1,"featured_media":0,"parent":0,"menu_order":0,"comment_status":"closed","ping_status":"closed","template":"templates\/template-fragrance-advisor.php","meta":[],"acf":[],"yoast_head":"<!-- This site is optimized with the Yoast SEO plugin v16.7 - https:\/\/yoast.com\/wordpress\/plugins\/seo\/ -->\n<title>Perfumes para mi - L&#039;Bel M\u00e9xico<\/title>\n<meta name=\"description\" content=\"Encuentra tu perfume ideal en L&#039;Bel M\u00e9xico.\" \/>\n<meta name=\"robots\" content=\"index, follow, max-snippet:-1, max-image-preview:large, max-video-preview:-1\" \/>\n<link rel=\"canonical\" href=\"https:\/\/mu-qas.lbel.com\/mx\/perfumes-para-mi\/\" \/>\n<meta property=\"og:locale\" content=\"es_ES\" \/>\n<meta property=\"og:type\" content=\"article\" \/>\n<meta property=\"og:title\" content=\"Perfumes para mi - L&#039;Bel M\u00e9xico\" \/>\n<meta property=\"og:description\" content=\"Encuentra tu perfume ideal en L&#039;Bel M\u00e9xico.\" \/>\n<meta property=\"og:url\" content=\"https:\/\/mu-qas.lbel.com\/mx\/perfumes-para-mi\/\" \/>\n<meta property=\"og:site_name\" content=\"L&#039;Bel M\u00e9xico\" \/>\n<meta property=\"article:modified_time\" content=\"2019-12-11T17:17:00+00:00\" \/>\n<meta property=\"og:image\" content=\"https:\/\/mu-qas.lbel.com\/mx\/wp-content\/uploads\/sites\/11\/2018\/08\/C14-FB-7-1.jpg\" \/>\n\t<meta property=\"og:image:width\" content=\"1200\" \/>\n\t<meta property=\"og:image:height\" content=\"628\" \/>\n<meta name=\"twitter:card\" content=\"summary_large_image\" \/>\n<script type=\"application\/ld+json\" class=\"yoast-schema-graph\">{\"@context\":\"https:\/\/schema.org\",\"@graph\":[{\"@type\":\"WebSite\",\"@id\":\"https:\/\/mu-qas.lbel.com\/mx\/#website\",\"url\":\"https:\/\/mu-qas.lbel.com\/mx\/\",\"name\":\"L&#039;Bel M\\u00e9xico\",\"description\":\"Maquillaje, perfumes y productos del cuidado de la piel que destacar\\u00e1n tu estilo \\u00fanico. Encuentra nuestros productos, cat\\u00e1logos y m\\u00e1s en L&#039;Bel M\\u00e9xico.\",\"potentialAction\":[{\"@type\":\"SearchAction\",\"target\":{\"@type\":\"EntryPoint\",\"urlTemplate\":\"https:\/\/mu-qas.lbel.com\/mx\/?s={search_term_string}\"},\"query-input\":\"required name=search_term_string\"}],\"inLanguage\":\"es\"},{\"@type\":\"WebPage\",\"@id\":\"https:\/\/mu-qas.lbel.com\/mx\/perfumes-para-mi\/#webpage\",\"url\":\"https:\/\/mu-qas.lbel.com\/mx\/perfumes-para-mi\/\",\"name\":\"Perfumes para mi - L&#039;Bel M\\u00e9xico\",\"isPartOf\":{\"@id\":\"https:\/\/mu-qas.lbel.com\/mx\/#website\"},\"datePublished\":\"2019-12-09T18:56:38+00:00\",\"dateModified\":\"2019-12-11T17:17:00+00:00\",\"description\":\"Encuentra tu perfume ideal en L'Bel M\\u00e9xico.\",\"breadcrumb\":{\"@id\":\"https:\/\/mu-qas.lbel.com\/mx\/perfumes-para-mi\/#breadcrumb\"},\"inLanguage\":\"es\",\"potentialAction\":[{\"@type\":\"ReadAction\",\"target\":[\"https:\/\/mu-qas.lbel.com\/mx\/perfumes-para-mi\/\"]}]},{\"@type\":\"BreadcrumbList\",\"@id\":\"https:\/\/mu-qas.lbel.com\/mx\/perfumes-para-mi\/#breadcrumb\",\"itemListElement\":[{\"@type\":\"ListItem\",\"position\":1,\"name\":\"Portada\",\"item\":\"https:\/\/mu-qas.lbel.com\/mx\/\"},{\"@type\":\"ListItem\",\"position\":2,\"name\":\"Perfumes para mi\"}]}]}<\/script>\n<!-- \/ Yoast SEO plugin. -->","yoast_head_json":{"title":"Perfumes para mi - L&#039;Bel M\u00e9xico","description":"Encuentra tu perfume ideal en L'Bel M\u00e9xico.","robots":{"index":"index","follow":"follow","max-snippet":"max-snippet:-1","max-image-preview":"max-image-preview:large","max-video-preview":"max-video-preview:-1"},"canonical":"https:\/\/mu-qas.lbel.com\/mx\/perfumes-para-mi\/","og_locale":"es_ES","og_type":"article","og_title":"Perfumes para mi - L&#039;Bel M\u00e9xico","og_description":"Encuentra tu perfume ideal en L'Bel M\u00e9xico.","og_url":"https:\/\/mu-qas.lbel.com\/mx\/perfumes-para-mi\/","og_site_name":"L&#039;Bel M\u00e9xico","article_modified_time":"2019-12-11T17:17:00+00:00","og_image":[{"width":1200,"height":628,"url":"https:\/\/mu-qas.lbel.com\/mx\/wp-content\/uploads\/sites\/11\/2018\/08\/C14-FB-7-1.jpg","path":"\/var\/www\/html\/lbelmultisite\/wp-content\/uploads\/sites\/11\/2018\/08\/C14-FB-7-1.jpg","size":"full","id":51436,"alt":"","pixels":753600,"type":"image\/jpeg"}],"twitter_card":"summary_large_image","schema":{"@context":"https:\/\/schema.org","@graph":[{"@type":"WebSite","@id":"https:\/\/mu-qas.lbel.com\/mx\/#website","url":"https:\/\/mu-qas.lbel.com\/mx\/","name":"L&#039;Bel M\u00e9xico","description":"Maquillaje, perfumes y productos del cuidado de la piel que destacar\u00e1n tu estilo \u00fanico. Encuentra nuestros productos, cat\u00e1logos y m\u00e1s en L&#039;Bel M\u00e9xico.","potentialAction":[{"@type":"SearchAction","target":{"@type":"EntryPoint","urlTemplate":"https:\/\/mu-qas.lbel.com\/mx\/?s={search_term_string}"},"query-input":"required name=search_term_string"}],"inLanguage":"es"},{"@type":"WebPage","@id":"https:\/\/mu-qas.lbel.com\/mx\/perfumes-para-mi\/#webpage","url":"https:\/\/mu-qas.lbel.com\/mx\/perfumes-para-mi\/","name":"Perfumes para mi - L&#039;Bel M\u00e9xico","isPartOf":{"@id":"https:\/\/mu-qas.lbel.com\/mx\/#website"},"datePublished":"2019-12-09T18:56:38+00:00","dateModified":"2019-12-11T17:17:00+00:00","description":"Encuentra tu perfume ideal en L'Bel M\u00e9xico.","breadcrumb":{"@id":"https:\/\/mu-qas.lbel.com\/mx\/perfumes-para-mi\/#breadcrumb"},"inLanguage":"es","potentialAction":[{"@type":"ReadAction","target":["https:\/\/mu-qas.lbel.com\/mx\/perfumes-para-mi\/"]}]},{"@type":"BreadcrumbList","@id":"https:\/\/mu-qas.lbel.com\/mx\/perfumes-para-mi\/#breadcrumb","itemListElement":[{"@type":"ListItem","position":1,"name":"Portada","item":"https:\/\/mu-qas.lbel.com\/mx\/"},{"@type":"ListItem","position":2,"name":"Perfumes para mi"}]}]}},"_links":{"self":[{"href":"https:\/\/mu-qas.lbel.com\/mx\/wp-json\/wp\/v2\/pages\/62190"}],"collection":[{"href":"https:\/\/mu-qas.lbel.com\/mx\/wp-json\/wp\/v2\/pages"}],"about":[{"href":"https:\/\/mu-qas.lbel.com\/mx\/wp-json\/wp\/v2\/types\/page"}],"author":[{"embeddable":true,"href":"https:\/\/mu-qas.lbel.com\/mx\/wp-json\/wp\/v2\/users\/1"}],"replies":[{"embeddable":true,"href":"https:\/\/mu-qas.lbel.com\/mx\/wp-json\/wp\/v2\/comments?post=62190"}],"version-history":[{"count":2,"href":"https:\/\/mu-qas.lbel.com\/mx\/wp-json\/wp\/v2\/pages\/62190\/revisions"}],"predecessor-version":[{"id":62208,"href":"https:\/\/mu-qas.lbel.com\/mx\/wp-json\/wp\/v2\/pages\/62190\/revisions\/62208"}],"wp:attachment":[{"href":"https:\/\/mu-qas.lbel.com\/mx\/wp-json\/wp\/v2\/media?parent=62190"}],"curies":[{"name":"wp","href":"https:\/\/api.w.org\/{rel}","templated":true}]}}