{"id":12550,"date":"2017-04-24T21:18:05","date_gmt":"2017-04-24T21:18:05","guid":{"rendered":"https:\/\/mu-qas.lbel.com\/pa\/quienes-somos\/"},"modified":"2017-05-12T16:56:30","modified_gmt":"2017-05-12T16:56:30","slug":"quienes-somos","status":"publish","type":"page","link":"https:\/\/mu-qas.lbel.com\/pa\/quienes-somos\/","title":{"rendered":"Qui\u00e9nes somos"},"content":{"rendered":"<p>Buscamos inspirar a cada mujer a revelar su belleza \u00fanica para destacar con estilo propio.<\/p>\n<p>Celebramos la individualidad y todo lo que hace distinta a una mujer.<\/p>\n<p>Contamos con un portafolio variado y de calidad superior con resultados comprobados. Desde tratamiento facial, hasta fragancias y maquillaje, cada producto de L\u00b4Bel es desarrollado para convertirse en una experiencia sensorial memorable para deleitar los sentidos y superar todas las expectativas.<\/p>\n","protected":false},"excerpt":{"rendered":"<p>Tu piel es \u00fanica, en ella se imprime tu historia.<\/p>\n","protected":false},"author":1,"featured_media":12542,"parent":0,"menu_order":1,"comment_status":"closed","ping_status":"closed","template":"templates\/template-about-us.php","meta":[],"acf":[],"yoast_head":"<!-- This site is optimized with the Yoast SEO plugin v16.7 - https:\/\/yoast.com\/wordpress\/plugins\/seo\/ -->\n<title>Qui\u00e9nes somos - L&#039;Bel Panam\u00e1<\/title>\n<meta name=\"robots\" content=\"index, follow, max-snippet:-1, max-image-preview:large, max-video-preview:-1\" \/>\n<link rel=\"canonical\" href=\"https:\/\/mu-qas.lbel.com\/pa\/quienes-somos\/\" \/>\n<meta property=\"og:locale\" content=\"es_ES\" \/>\n<meta property=\"og:type\" content=\"article\" \/>\n<meta property=\"og:title\" content=\"Qui\u00e9nes somos - L&#039;Bel Panam\u00e1\" \/>\n<meta property=\"og:description\" content=\"Tu piel es \u00fanica, en ella se imprime tu historia.\" \/>\n<meta property=\"og:url\" content=\"https:\/\/mu-qas.lbel.com\/pa\/quienes-somos\/\" \/>\n<meta property=\"og:site_name\" content=\"L&#039;Bel Panam\u00e1\" \/>\n<meta property=\"article:modified_time\" content=\"2017-05-12T16:56:30+00:00\" \/>\n<meta property=\"og:image\" content=\"https:\/\/trends.lbel.com\/pa\/wp-content\/uploads\/sites\/12\/2017\/07\/QUIENES-SOMOS.jpeg\" \/>\n\t<meta property=\"og:image:width\" content=\"500\" \/>\n\t<meta property=\"og:image:height\" content=\"525\" \/>\n<meta name=\"twitter:card\" content=\"summary_large_image\" \/>\n<script type=\"application\/ld+json\" class=\"yoast-schema-graph\">{\"@context\":\"https:\/\/schema.org\",\"@graph\":[{\"@type\":\"WebSite\",\"@id\":\"https:\/\/mu-qas.lbel.com\/pa\/#website\",\"url\":\"https:\/\/mu-qas.lbel.com\/pa\/\",\"name\":\"L&#039;Bel Panam\\u00e1\",\"description\":\"Otro sitio m\\u00e1s de L&#039;Bel MultiSite\",\"potentialAction\":[{\"@type\":\"SearchAction\",\"target\":{\"@type\":\"EntryPoint\",\"urlTemplate\":\"https:\/\/mu-qas.lbel.com\/pa\/?s={search_term_string}\"},\"query-input\":\"required name=search_term_string\"}],\"inLanguage\":\"es\"},{\"@type\":\"ImageObject\",\"@id\":\"https:\/\/mu-qas.lbel.com\/pa\/quienes-somos\/#primaryimage\",\"inLanguage\":\"es\",\"url\":\"https:\/\/mu-qas.lbel.com\/pa\/wp-content\/uploads\/sites\/12\/2017\/07\/QUIENES-SOMOS.jpeg\",\"contentUrl\":\"https:\/\/mu-qas.lbel.com\/pa\/wp-content\/uploads\/sites\/12\/2017\/07\/QUIENES-SOMOS.jpeg\",\"width\":500,\"height\":525},{\"@type\":\"WebPage\",\"@id\":\"https:\/\/mu-qas.lbel.com\/pa\/quienes-somos\/#webpage\",\"url\":\"https:\/\/mu-qas.lbel.com\/pa\/quienes-somos\/\",\"name\":\"Qui\\u00e9nes somos - L&#039;Bel Panam\\u00e1\",\"isPartOf\":{\"@id\":\"https:\/\/mu-qas.lbel.com\/pa\/#website\"},\"primaryImageOfPage\":{\"@id\":\"https:\/\/mu-qas.lbel.com\/pa\/quienes-somos\/#primaryimage\"},\"datePublished\":\"2017-04-24T21:18:05+00:00\",\"dateModified\":\"2017-05-12T16:56:30+00:00\",\"breadcrumb\":{\"@id\":\"https:\/\/mu-qas.lbel.com\/pa\/quienes-somos\/#breadcrumb\"},\"inLanguage\":\"es\",\"potentialAction\":[{\"@type\":\"ReadAction\",\"target\":[\"https:\/\/mu-qas.lbel.com\/pa\/quienes-somos\/\"]}]},{\"@type\":\"BreadcrumbList\",\"@id\":\"https:\/\/mu-qas.lbel.com\/pa\/quienes-somos\/#breadcrumb\",\"itemListElement\":[{\"@type\":\"ListItem\",\"position\":1,\"name\":\"Portada\",\"item\":\"https:\/\/mu-qas.lbel.com\/pa\/\"},{\"@type\":\"ListItem\",\"position\":2,\"name\":\"Qui\\u00e9nes somos\"}]}]}<\/script>\n<!-- \/ Yoast SEO plugin. -->","yoast_head_json":{"title":"Qui\u00e9nes somos - L&#039;Bel Panam\u00e1","robots":{"index":"index","follow":"follow","max-snippet":"max-snippet:-1","max-image-preview":"max-image-preview:large","max-video-preview":"max-video-preview:-1"},"canonical":"https:\/\/mu-qas.lbel.com\/pa\/quienes-somos\/","og_locale":"es_ES","og_type":"article","og_title":"Qui\u00e9nes somos - L&#039;Bel Panam\u00e1","og_description":"Tu piel es \u00fanica, en ella se imprime tu historia.","og_url":"https:\/\/mu-qas.lbel.com\/pa\/quienes-somos\/","og_site_name":"L&#039;Bel Panam\u00e1","article_modified_time":"2017-05-12T16:56:30+00:00","og_image":[{"width":500,"height":525,"url":"https:\/\/trends.lbel.com\/pa\/wp-content\/uploads\/sites\/12\/2017\/07\/QUIENES-SOMOS.jpeg","path":"\/var\/www\/html\/lbelmultisite\/wp-content\/uploads\/sites\/12\/2017\/07\/QUIENES-SOMOS.jpeg","size":"full","id":12542,"alt":"","pixels":262500,"type":"image\/jpeg"}],"twitter_card":"summary_large_image","schema":{"@context":"https:\/\/schema.org","@graph":[{"@type":"WebSite","@id":"https:\/\/mu-qas.lbel.com\/pa\/#website","url":"https:\/\/mu-qas.lbel.com\/pa\/","name":"L&#039;Bel Panam\u00e1","description":"Otro sitio m\u00e1s de L&#039;Bel MultiSite","potentialAction":[{"@type":"SearchAction","target":{"@type":"EntryPoint","urlTemplate":"https:\/\/mu-qas.lbel.com\/pa\/?s={search_term_string}"},"query-input":"required name=search_term_string"}],"inLanguage":"es"},{"@type":"ImageObject","@id":"https:\/\/mu-qas.lbel.com\/pa\/quienes-somos\/#primaryimage","inLanguage":"es","url":"https:\/\/mu-qas.lbel.com\/pa\/wp-content\/uploads\/sites\/12\/2017\/07\/QUIENES-SOMOS.jpeg","contentUrl":"https:\/\/mu-qas.lbel.com\/pa\/wp-content\/uploads\/sites\/12\/2017\/07\/QUIENES-SOMOS.jpeg","width":500,"height":525},{"@type":"WebPage","@id":"https:\/\/mu-qas.lbel.com\/pa\/quienes-somos\/#webpage","url":"https:\/\/mu-qas.lbel.com\/pa\/quienes-somos\/","name":"Qui\u00e9nes somos - L&#039;Bel Panam\u00e1","isPartOf":{"@id":"https:\/\/mu-qas.lbel.com\/pa\/#website"},"primaryImageOfPage":{"@id":"https:\/\/mu-qas.lbel.com\/pa\/quienes-somos\/#primaryimage"},"datePublished":"2017-04-24T21:18:05+00:00","dateModified":"2017-05-12T16:56:30+00:00","breadcrumb":{"@id":"https:\/\/mu-qas.lbel.com\/pa\/quienes-somos\/#breadcrumb"},"inLanguage":"es","potentialAction":[{"@type":"ReadAction","target":["https:\/\/mu-qas.lbel.com\/pa\/quienes-somos\/"]}]},{"@type":"BreadcrumbList","@id":"https:\/\/mu-qas.lbel.com\/pa\/quienes-somos\/#breadcrumb","itemListElement":[{"@type":"ListItem","position":1,"name":"Portada","item":"https:\/\/mu-qas.lbel.com\/pa\/"},{"@type":"ListItem","position":2,"name":"Qui\u00e9nes somos"}]}]}},"_links":{"self":[{"href":"https:\/\/mu-qas.lbel.com\/pa\/wp-json\/wp\/v2\/pages\/12550"}],"collection":[{"href":"https:\/\/mu-qas.lbel.com\/pa\/wp-json\/wp\/v2\/pages"}],"about":[{"href":"https:\/\/mu-qas.lbel.com\/pa\/wp-json\/wp\/v2\/types\/page"}],"author":[{"embeddable":true,"href":"https:\/\/mu-qas.lbel.com\/pa\/wp-json\/wp\/v2\/users\/1"}],"replies":[{"embeddable":true,"href":"https:\/\/mu-qas.lbel.com\/pa\/wp-json\/wp\/v2\/comments?post=12550"}],"version-history":[{"count":0,"href":"https:\/\/mu-qas.lbel.com\/pa\/wp-json\/wp\/v2\/pages\/12550\/revisions"}],"wp:featuredmedia":[{"embeddable":true,"href":"https:\/\/mu-qas.lbel.com\/pa\/wp-json\/wp\/v2\/media\/12542"}],"wp:attachment":[{"href":"https:\/\/mu-qas.lbel.com\/pa\/wp-json\/wp\/v2\/media?parent=12550"}],"curies":[{"name":"wp","href":"https:\/\/api.w.org\/{rel}","templated":true}]}}