{"id":12555,"date":"2017-04-24T22:25:12","date_gmt":"2017-04-24T22:25:12","guid":{"rendered":"https:\/\/mu-qas.lbel.com\/pa\/terminos-y-condiciones\/"},"modified":"2017-05-12T17:01:24","modified_gmt":"2017-05-12T17:01:24","slug":"terminos-y-condiciones","status":"publish","type":"page","link":"https:\/\/mu-qas.lbel.com\/pa\/terminos-y-condiciones\/","title":{"rendered":"T\u00e9rminos y condiciones"},"content":{"rendered":"<div class=\"help__box\"><\/div>\n<div class=\"help__box\">\n<div class=\"help__box\">\n<p>Gracias por visitar <a href=\"http:\/\/www.lbel.com\/\">www.lbel.com<\/a>, donde encontrar\u00e1s informaci\u00f3n de productos especializados para resaltar tu belleza y que luzcas siempre radiante.<\/p>\n<p>Al ingresar a esta web aceptas que su uso est\u00e1 sujeto a los t\u00e9rminos y condiciones aqu\u00ed descritos, as\u00ed como a la legislaci\u00f3n que se aplique en el pa\u00eds correspondiente. Por lo tanto, aceptas los t\u00e9rminos establecidos por la presente y las consecuencias que \u00e9stos pudiesen implicar.<\/p>\n<p>Los t\u00e9rminos y condiciones podr\u00e1n variar en cualquier momento, actualiz\u00e1ndose dichos cambios peri\u00f3dicamente en la web.<\/p>\n<p>&nbsp;<\/p>\n<p><strong>Informaci\u00f3n confidencial<\/strong><\/p>\n<p>Mantener en privacidad tus datos personales es muy importante para nosotros, por eso a continuaci\u00f3n te informaremos acerca de nuestra pol\u00edtica de protecci\u00f3n de datos de car\u00e1cter personal. De esa manera podr\u00e1s determinar libre y voluntariamente si deseas registrarte como Usuario de nuestro web site.<\/p>\n<p>Te pedimos que revises los T\u00e9rminos y Condiciones sobre datos personales que encontrar\u00e1s al final de este documento, para que sepas c\u00f3mo es usada y protegida la informaci\u00f3n que nos haces llegar.<\/p>\n<p>Como usuario de este web site asumes totalmente la responsabilidad por el mantenimiento de la confidencialidad de tu clave secreta, registrada en este web site.<\/p>\n<p>&nbsp;<\/p>\n<p><strong>Propiedad intelectual<\/strong><\/p>\n<p>Todos los nombres comerciales, marcas, slogans, encabezados de p\u00e1ginas, gr\u00e1ficos, textos, logos, botones, iconos, im\u00e1genes, audio, c\u00f3digos y software usados o incorporados a este web site, o su integraci\u00f3n, son de propiedad de L\u2019Bel, o han sido licenciados a favor de L\u2019Bel, y se encuentran protegidos por las diversas legislaciones aplicables en los pa\u00edses correspondientes, pudiendo usarse, solamente, para los servicios propios, disponibles en este web site. Se proh\u00edbe cualquier otro uso, incluyendo pero sin limitarse a, la reproducci\u00f3n, modificaci\u00f3n, distribuci\u00f3n, transmisi\u00f3n, exhibici\u00f3n o impresi\u00f3n, salvo permiso escrito del titular de los derechos a nombre de la empresa.<\/p>\n<p>El env\u00edo de cualquier informaci\u00f3n, material, sugerencia, idea o comentario por este medio, nos otorga una irrevocable e irrestricta licencia de uso, copia, modificaci\u00f3n, reproducci\u00f3n, transmisi\u00f3n, exhibici\u00f3n y distribuci\u00f3n de tales materiales, a trav\u00e9s de nuestro web site, cat\u00e1logo y redes sociales.<\/p>\n<p>Sin perjuicio de ello, no nos hacemos responsables por los comentarios o contenidos enviados por los usuarios que (i) sean ofensivos; (ii) atenten contra la moral y las buenas costumbres; (iii) contengan un lenguaje obsceno, discriminatorio o despectivo; (iv) sean inapropiados o puedan afectar los derechos de terceras personas. Frente a cualquiera de esos casos nos reservamos el derecho a moderar o incluso eliminar los mismos.<\/p>\n<p>&nbsp;<\/p>\n<p><strong>Responsabilidad de da\u00f1os<\/strong><\/p>\n<p>L\u2019Bel garantiza el funcionamiento de este web site, y se responsabiliza por cualquier informaci\u00f3n, servicio o contenido disponible en el mismo, salvo que la legislaci\u00f3n vigente de los pa\u00edses establezca lo contrario. Los directores, empleados, agentes, contratistas u otras personas vinculadas a la empresa no ser\u00e1n responsables por cualquier da\u00f1o, directo o indirecto, que surgiese como consecuencia del uso del web site u otros web sites vinculados a trav\u00e9s de \u00e9ste, tales como, pero sin limitarse a, da\u00f1os por lucro cesante y costo emergente, interrupci\u00f3n de negocios o la p\u00e9rdida de datos o informaci\u00f3n.<\/p>\n<p>&nbsp;<\/p>\n<p><strong>Registro de usuarios en el portal web y publicidad por correo electr\u00f3nico<\/strong><\/p>\n<p>El acceso a la p\u00e1gina web de L\u2019Bel y sus contenidos no requiere una previa suscripci\u00f3n o registro de los usuarios. Si el usuario desea recibir noticias de L\u2019Bel a trav\u00e9s de su correo electr\u00f3nico, podr\u00e1 suscribirse a trav\u00e9s de: (i) los puntos de captaci\u00f3n de datos en el sitio web; y, (ii) la creaci\u00f3n de una cuenta en el portal web.<\/p>\n<p>Para la suscripci\u00f3n a trav\u00e9s de puntos de captaci\u00f3n, el usuario deber\u00e1 completar un formulario a trav\u00e9s del cual proporcionar\u00e1 la direcci\u00f3n de correo electr\u00f3nico donde desea recibir publicidad del portal web. Una vez ingresado, se remitir\u00e1 un mensaje autom\u00e1tico al usuario a fin de verificar la cuenta de correo electr\u00f3nico proporcionada. Verificada la cuenta, el usuario empezar\u00e1 a recibir informaci\u00f3n del portal web por correo electr\u00f3nico. Si lo desea, posteriormente, el usuario podr\u00e1 adicionalmente registrarse como usuario del portal web, para lo cual deber\u00e1 seguir el procedimiento de registro descrito en el siguiente p\u00e1rrafo.<\/p>\n<p>A fin que un usuario se registre en el portal, deber\u00e1 completar un formulario, as\u00ed como los datos de inicio de sesi\u00f3n. Una vez ingresados, se remitir\u00e1 un mensaje autom\u00e1tico al usuario a fin de verificar la cuenta de correo electr\u00f3nico proporcionada para el registro. Verificada la cuenta, el usuario ser\u00e1 registrado en el portal.<\/p>\n<p>Los datos personales que se obtengan como consecuencia del registro de un usuario ser\u00e1n tratados de acuerdo a nuestra Pol\u00edtica de Privacidad.<\/p>\n<p>El usuario es el \u00fanico responsable de su identidad y el resguardo de su contrase\u00f1a. Asimismo, es responsable de mantener la confidencialidad de sus datos de inicio de sesi\u00f3n y contrase\u00f1a. El usuario no deber\u00e1, directa o indirectamente, revelar su contrase\u00f1a a un tercero. Se proh\u00edbe compartir, comercializar, intercambiar, vender, comprar o distribuir cuentas, datos de inicio de sesi\u00f3n y\/o contrase\u00f1as. De comprobarse alguno de estos supuestos, los usuarios responsables podr\u00e1n ser suspendidos y\/o dados de baja del portal. Cetco S.A. se reserva el derecho de dar de baja a los usuarios sin previo aviso o notificaci\u00f3n, y sin ning\u00fan tipo de responsabilidad por ello.<\/p>\n<p>Al proporcionar su correo electr\u00f3nico y\/o datos personales, el usuario otorga su consentimiento expreso para recibir comunicaciones electr\u00f3nicas con publicidad y novedades comerciales de L\u2019Bel o de alguna de las marcas de Belcorp; as\u00ed como de los productos o servicios que comercializa o promociona. Cetco S.A. pone a disposici\u00f3n de los usuarios medios para revocar su consentimiento a trav\u00e9s de un mecanismo para anular su registro y dejar de recibir los correos electr\u00f3nicos publicitarios.<\/p>\n<p>La informaci\u00f3n publicitaria que se incluya en los correos electr\u00f3nicos remitidos a los usuarios no necesariamente es la misma que se ofrece a trav\u00e9s de otros canales de venta utilizados por Cetco S.A., a menos que se se\u00f1ale expresamente ello en el portal web o en la publicidad remitida. Las im\u00e1genes, fotograf\u00edas y\/o cualquier contenido gr\u00e1fico o visual que sean remitidos en los correos electr\u00f3nicos se encuentran protegidos por nuestra Pol\u00edtica de Propiedad Intelectual contenida en estos T\u00e9rminos y Condiciones. Las im\u00e1genes y nombres de los productos son referenciales y pueden variar seg\u00fan el pa\u00eds de comercializaci\u00f3n.<\/p>\n<p>&nbsp;<\/p>\n<p><strong>Im\u00e1genes referenciales<\/strong><\/p>\n<p>Las etiquetas de las fotos y las ilustraciones de los productos son referenciales y pueden variar seg\u00fan el pa\u00eds de comercializaci\u00f3n.<\/p>\n<\/div>\n<div class=\"help__box\">\n<p><strong>Datos personales<\/strong><\/p>\n<p>Mediante los presentes t\u00e9rminos y condiciones, te informamos que los datos personales que consignar\u00e1s a trav\u00e9s de este medio, ser\u00e1n incorporados en el banco de datos denominado \u201cClientes\u201d, de titularidad de CETCO S.A., con domicilio en Av. Pardo y Aliaga No. 652 Oficina 1201, San Isidro, con la finalidad de llevar a cabo los prop\u00f3sitos inherentes a la actividad de CETCO S.A., entre las cuales est\u00e1 la comercializaci\u00f3n de art\u00edculos de belleza, cuidado personal y las actividades inherentes a \u00e9sta.<\/p>\n<p>El tratamiento que realizar\u00e1 CETCO S.A. consiste en registrar, almacenar y utilizar tus datos personales con la finalidad de i) identificarte, ii) ubicarte, iii) comunicarte, iv) contactarte, iv) enviarte informaci\u00f3n comercial y\/o promociones comerciales, v) estad\u00edsticos y\/o vi) prop\u00f3sitos de an\u00e1lisis, de acuerdo a las condiciones establecidas en el presente documento.<\/p>\n<p>CETCO S.A. te informa que puedes ejercer tus derechos de acceso, rectificaci\u00f3n, cancelaci\u00f3n y oposici\u00f3n en los t\u00e9rminos previstos en la Ley N\u00b0 29733 \u2013 Ley de Protecci\u00f3n de Datos Personales y su Reglamento, aprobado por el Decreto Supremo N\u00b0 003-2013-JUS, enviando un correo electr\u00f3nico a datos@lbel.com, adjuntando copia de tu DNI, conforme al procedimiento se\u00f1alado en la p\u00e1gina web: www.lbel.com<\/p>\n<p>Con la aceptaci\u00f3n de estos t\u00e9rminos y condiciones, declaras de forma libre, voluntaria, previa, expresa, informada e inequ\u00edvoca que brindas tu consentimiento a CETCO S.A., para que realice el tratamiento de tus datos personales conforme a lo indicado precedentemente.<\/p>\n<p>Para mayor informaci\u00f3n sobre el tratamiento que les damos a los datos personales que nos proporcionas te invitamos a revisar nuestra Pol\u00edtica de Privacidad publicada en la web www.lbel.com.<\/p>\n<p>En caso de existir cambios en los presentes t\u00e9rminos o condiciones del se pondr\u00e1 a tu disposici\u00f3n la versi\u00f3n actualizada del mismo a trav\u00e9s de la p\u00e1gina web www.lbel.com<\/p>\n<p>&nbsp;<\/p>\n<\/div>\n<\/div>\n","protected":false},"excerpt":{"rendered":"<p>Gracias por visitar www.lbel.com, donde encontrar\u00e1s informaci\u00f3n de productos especializados para resaltar tu belleza y que luzcas siempre radiante. Al ingresar a esta web aceptas que su uso est\u00e1 sujeto a los t\u00e9rminos y condiciones aqu\u00ed descritos, as\u00ed como a la legislaci\u00f3n que se aplique en el pa\u00eds correspondiente. Por lo tanto, aceptas los t\u00e9rminos [&hellip;]<\/p>\n","protected":false},"author":1,"featured_media":0,"parent":0,"menu_order":6,"comment_status":"closed","ping_status":"closed","template":"templates\/template-terms-conditions.php","meta":[],"acf":[],"yoast_head":"<!-- This site is optimized with the Yoast SEO plugin v16.7 - https:\/\/yoast.com\/wordpress\/plugins\/seo\/ -->\n<title>T\u00e9rminos y condiciones - L&#039;Bel Panam\u00e1<\/title>\n<meta name=\"robots\" content=\"index, follow, max-snippet:-1, max-image-preview:large, max-video-preview:-1\" \/>\n<link rel=\"canonical\" href=\"https:\/\/mu-qas.lbel.com\/pa\/terminos-y-condiciones\/\" \/>\n<meta property=\"og:locale\" content=\"es_ES\" \/>\n<meta property=\"og:type\" content=\"article\" \/>\n<meta property=\"og:title\" content=\"T\u00e9rminos y condiciones - L&#039;Bel Panam\u00e1\" \/>\n<meta property=\"og:description\" content=\"Gracias por visitar www.lbel.com, donde encontrar\u00e1s informaci\u00f3n de productos especializados para resaltar tu belleza y que luzcas siempre radiante. Al ingresar a esta web aceptas que su uso est\u00e1 sujeto a los t\u00e9rminos y condiciones aqu\u00ed descritos, as\u00ed como a la legislaci\u00f3n que se aplique en el pa\u00eds correspondiente. Por lo tanto, aceptas los t\u00e9rminos [&hellip;]\" \/>\n<meta property=\"og:url\" content=\"https:\/\/mu-qas.lbel.com\/pa\/terminos-y-condiciones\/\" \/>\n<meta property=\"og:site_name\" content=\"L&#039;Bel Panam\u00e1\" \/>\n<meta property=\"article:modified_time\" content=\"2017-05-12T17:01:24+00:00\" \/>\n<meta name=\"twitter:card\" content=\"summary_large_image\" \/>\n<meta name=\"twitter:label1\" content=\"Est. reading time\" \/>\n\t<meta name=\"twitter:data1\" content=\"7 minutos\" \/>\n<script type=\"application\/ld+json\" class=\"yoast-schema-graph\">{\"@context\":\"https:\/\/schema.org\",\"@graph\":[{\"@type\":\"WebSite\",\"@id\":\"https:\/\/mu-qas.lbel.com\/pa\/#website\",\"url\":\"https:\/\/mu-qas.lbel.com\/pa\/\",\"name\":\"L&#039;Bel Panam\\u00e1\",\"description\":\"Otro sitio m\\u00e1s de L&#039;Bel MultiSite\",\"potentialAction\":[{\"@type\":\"SearchAction\",\"target\":{\"@type\":\"EntryPoint\",\"urlTemplate\":\"https:\/\/mu-qas.lbel.com\/pa\/?s={search_term_string}\"},\"query-input\":\"required name=search_term_string\"}],\"inLanguage\":\"es\"},{\"@type\":\"WebPage\",\"@id\":\"https:\/\/mu-qas.lbel.com\/pa\/terminos-y-condiciones\/#webpage\",\"url\":\"https:\/\/mu-qas.lbel.com\/pa\/terminos-y-condiciones\/\",\"name\":\"T\\u00e9rminos y condiciones - L&#039;Bel Panam\\u00e1\",\"isPartOf\":{\"@id\":\"https:\/\/mu-qas.lbel.com\/pa\/#website\"},\"datePublished\":\"2017-04-24T22:25:12+00:00\",\"dateModified\":\"2017-05-12T17:01:24+00:00\",\"breadcrumb\":{\"@id\":\"https:\/\/mu-qas.lbel.com\/pa\/terminos-y-condiciones\/#breadcrumb\"},\"inLanguage\":\"es\",\"potentialAction\":[{\"@type\":\"ReadAction\",\"target\":[\"https:\/\/mu-qas.lbel.com\/pa\/terminos-y-condiciones\/\"]}]},{\"@type\":\"BreadcrumbList\",\"@id\":\"https:\/\/mu-qas.lbel.com\/pa\/terminos-y-condiciones\/#breadcrumb\",\"itemListElement\":[{\"@type\":\"ListItem\",\"position\":1,\"name\":\"Portada\",\"item\":\"https:\/\/mu-qas.lbel.com\/pa\/\"},{\"@type\":\"ListItem\",\"position\":2,\"name\":\"T\\u00e9rminos y condiciones\"}]}]}<\/script>\n<!-- \/ Yoast SEO plugin. -->","yoast_head_json":{"title":"T\u00e9rminos y condiciones - L&#039;Bel Panam\u00e1","robots":{"index":"index","follow":"follow","max-snippet":"max-snippet:-1","max-image-preview":"max-image-preview:large","max-video-preview":"max-video-preview:-1"},"canonical":"https:\/\/mu-qas.lbel.com\/pa\/terminos-y-condiciones\/","og_locale":"es_ES","og_type":"article","og_title":"T\u00e9rminos y condiciones - L&#039;Bel Panam\u00e1","og_description":"Gracias por visitar www.lbel.com, donde encontrar\u00e1s informaci\u00f3n de productos especializados para resaltar tu belleza y que luzcas siempre radiante. Al ingresar a esta web aceptas que su uso est\u00e1 sujeto a los t\u00e9rminos y condiciones aqu\u00ed descritos, as\u00ed como a la legislaci\u00f3n que se aplique en el pa\u00eds correspondiente. Por lo tanto, aceptas los t\u00e9rminos [&hellip;]","og_url":"https:\/\/mu-qas.lbel.com\/pa\/terminos-y-condiciones\/","og_site_name":"L&#039;Bel Panam\u00e1","article_modified_time":"2017-05-12T17:01:24+00:00","twitter_card":"summary_large_image","twitter_misc":{"Est. reading time":"7 minutos"},"schema":{"@context":"https:\/\/schema.org","@graph":[{"@type":"WebSite","@id":"https:\/\/mu-qas.lbel.com\/pa\/#website","url":"https:\/\/mu-qas.lbel.com\/pa\/","name":"L&#039;Bel Panam\u00e1","description":"Otro sitio m\u00e1s de L&#039;Bel MultiSite","potentialAction":[{"@type":"SearchAction","target":{"@type":"EntryPoint","urlTemplate":"https:\/\/mu-qas.lbel.com\/pa\/?s={search_term_string}"},"query-input":"required name=search_term_string"}],"inLanguage":"es"},{"@type":"WebPage","@id":"https:\/\/mu-qas.lbel.com\/pa\/terminos-y-condiciones\/#webpage","url":"https:\/\/mu-qas.lbel.com\/pa\/terminos-y-condiciones\/","name":"T\u00e9rminos y condiciones - L&#039;Bel Panam\u00e1","isPartOf":{"@id":"https:\/\/mu-qas.lbel.com\/pa\/#website"},"datePublished":"2017-04-24T22:25:12+00:00","dateModified":"2017-05-12T17:01:24+00:00","breadcrumb":{"@id":"https:\/\/mu-qas.lbel.com\/pa\/terminos-y-condiciones\/#breadcrumb"},"inLanguage":"es","potentialAction":[{"@type":"ReadAction","target":["https:\/\/mu-qas.lbel.com\/pa\/terminos-y-condiciones\/"]}]},{"@type":"BreadcrumbList","@id":"https:\/\/mu-qas.lbel.com\/pa\/terminos-y-condiciones\/#breadcrumb","itemListElement":[{"@type":"ListItem","position":1,"name":"Portada","item":"https:\/\/mu-qas.lbel.com\/pa\/"},{"@type":"ListItem","position":2,"name":"T\u00e9rminos y condiciones"}]}]}},"_links":{"self":[{"href":"https:\/\/mu-qas.lbel.com\/pa\/wp-json\/wp\/v2\/pages\/12555"}],"collection":[{"href":"https:\/\/mu-qas.lbel.com\/pa\/wp-json\/wp\/v2\/pages"}],"about":[{"href":"https:\/\/mu-qas.lbel.com\/pa\/wp-json\/wp\/v2\/types\/page"}],"author":[{"embeddable":true,"href":"https:\/\/mu-qas.lbel.com\/pa\/wp-json\/wp\/v2\/users\/1"}],"replies":[{"embeddable":true,"href":"https:\/\/mu-qas.lbel.com\/pa\/wp-json\/wp\/v2\/comments?post=12555"}],"version-history":[{"count":0,"href":"https:\/\/mu-qas.lbel.com\/pa\/wp-json\/wp\/v2\/pages\/12555\/revisions"}],"wp:attachment":[{"href":"https:\/\/mu-qas.lbel.com\/pa\/wp-json\/wp\/v2\/media?parent=12555"}],"curies":[{"name":"wp","href":"https:\/\/api.w.org\/{rel}","templated":true}]}}