{"id":32480,"date":"2018-06-21T13:04:20","date_gmt":"2018-06-21T13:04:20","guid":{"rendered":"https:\/\/mu-qas.lbel.com\/pa\/?page_id=32480"},"modified":"2022-06-08T01:25:17","modified_gmt":"2022-06-08T01:25:17","slug":"catalogo","status":"publish","type":"page","link":"https:\/\/mu-qas.lbel.com\/pa\/catalogo\/","title":{"rendered":"Catalago"},"content":{"rendered":"","protected":false},"excerpt":{"rendered":"","protected":false},"author":7,"featured_media":0,"parent":0,"menu_order":0,"comment_status":"closed","ping_status":"closed","template":"templates\/template-catalogo-new.php","meta":[],"acf":[],"yoast_head":"<!-- This site is optimized with the Yoast SEO plugin v16.7 - https:\/\/yoast.com\/wordpress\/plugins\/seo\/ -->\n<title>Cat\u00e1logo L&#039;Bel Panam\u00e1 - abril 2026<\/title>\n<meta name=\"description\" content=\"El cat\u00e1logo L&#039;bel - L&#039;Bel Panam\u00e1 campa\u00f1a 17, ya est\u00e1 aqu\u00ed. Descubre las novedades en productos de maquillaje, perfumes y cuidado de la piel que tenemos para ti.\" \/>\n<meta name=\"robots\" content=\"index, follow, max-snippet:-1, max-image-preview:large, max-video-preview:-1\" \/>\n<link rel=\"canonical\" href=\"https:\/\/mu-qas.lbel.com\/pa\/catalogo\/\" \/>\n<meta property=\"og:locale\" content=\"es_ES\" \/>\n<meta property=\"og:type\" content=\"article\" \/>\n<meta property=\"og:title\" content=\"Cat\u00e1logo L&#039;Bel Panam\u00e1 - abril 2026\" \/>\n<meta property=\"og:description\" content=\"El cat\u00e1logo L&#039;bel - L&#039;Bel Panam\u00e1 campa\u00f1a 17, ya est\u00e1 aqu\u00ed. Descubre las novedades en productos de maquillaje, perfumes y cuidado de la piel que tenemos para ti.\" \/>\n<meta property=\"og:url\" content=\"https:\/\/mu-qas.lbel.com\/pa\/catalogo\/\" \/>\n<meta property=\"og:site_name\" content=\"L&#039;Bel Panam\u00e1\" \/>\n<meta property=\"article:modified_time\" content=\"2022-06-08T01:25:17+00:00\" \/>\n<meta property=\"og:image\" content=\"https:\/\/trends.lbel.com\/pa\/wp-content\/uploads\/sites\/12\/2018\/10\/C17-FB-A.jpg\" \/>\n\t<meta property=\"og:image:width\" content=\"1200\" \/>\n\t<meta property=\"og:image:height\" content=\"628\" \/>\n<meta name=\"twitter:card\" content=\"summary_large_image\" \/>\n<script type=\"application\/ld+json\" class=\"yoast-schema-graph\">{\"@context\":\"https:\/\/schema.org\",\"@graph\":[{\"@type\":\"WebSite\",\"@id\":\"https:\/\/mu-qas.lbel.com\/pa\/#website\",\"url\":\"https:\/\/mu-qas.lbel.com\/pa\/\",\"name\":\"L&#039;Bel Panam\\u00e1\",\"description\":\"Otro sitio m\\u00e1s de L&#039;Bel MultiSite\",\"potentialAction\":[{\"@type\":\"SearchAction\",\"target\":{\"@type\":\"EntryPoint\",\"urlTemplate\":\"https:\/\/mu-qas.lbel.com\/pa\/?s={search_term_string}\"},\"query-input\":\"required name=search_term_string\"}],\"inLanguage\":\"es\"},{\"@type\":\"ImageObject\",\"@id\":\"https:\/\/mu-qas.lbel.com\/pa\/catalogo\/#primaryimage\",\"inLanguage\":\"es\",\"url\":\"https:\/\/mu-qas.lbel.com\/pa\/wp-content\/uploads\/sites\/12\/2018\/10\/C17-FB-A.jpg\",\"contentUrl\":\"https:\/\/mu-qas.lbel.com\/pa\/wp-content\/uploads\/sites\/12\/2018\/10\/C17-FB-A.jpg\",\"width\":1200,\"height\":628},{\"@type\":\"WebPage\",\"@id\":\"https:\/\/mu-qas.lbel.com\/pa\/catalogo\/#webpage\",\"url\":\"https:\/\/mu-qas.lbel.com\/pa\/catalogo\/\",\"name\":\"Cat\\u00e1logo L&#039;Bel Panam\\u00e1 - abril 2026\",\"isPartOf\":{\"@id\":\"https:\/\/mu-qas.lbel.com\/pa\/#website\"},\"datePublished\":\"2018-06-21T13:04:20+00:00\",\"dateModified\":\"2022-06-08T01:25:17+00:00\",\"description\":\"El cat\\u00e1logo L'bel - L&#039;Bel Panam\\u00e1 campa\\u00f1a 17, ya est\\u00e1 aqu\\u00ed. Descubre las novedades en productos de maquillaje, perfumes y cuidado de la piel que tenemos para ti.\",\"breadcrumb\":{\"@id\":\"https:\/\/mu-qas.lbel.com\/pa\/catalogo\/#breadcrumb\"},\"inLanguage\":\"es\",\"potentialAction\":[{\"@type\":\"ReadAction\",\"target\":[\"https:\/\/mu-qas.lbel.com\/pa\/catalogo\/\"]}]},{\"@type\":\"BreadcrumbList\",\"@id\":\"https:\/\/mu-qas.lbel.com\/pa\/catalogo\/#breadcrumb\",\"itemListElement\":[{\"@type\":\"ListItem\",\"position\":1,\"name\":\"Portada\",\"item\":\"https:\/\/mu-qas.lbel.com\/pa\/\"},{\"@type\":\"ListItem\",\"position\":2,\"name\":\"Catalago\"}]}]}<\/script>\n<!-- \/ Yoast SEO plugin. -->","yoast_head_json":{"title":"Cat\u00e1logo L&#039;Bel Panam\u00e1 - abril 2026","description":"El cat\u00e1logo L'bel - L&#039;Bel Panam\u00e1 campa\u00f1a 17, ya est\u00e1 aqu\u00ed. Descubre las novedades en productos de maquillaje, perfumes y cuidado de la piel que tenemos para ti.","robots":{"index":"index","follow":"follow","max-snippet":"max-snippet:-1","max-image-preview":"max-image-preview:large","max-video-preview":"max-video-preview:-1"},"canonical":"https:\/\/mu-qas.lbel.com\/pa\/catalogo\/","og_locale":"es_ES","og_type":"article","og_title":"Cat\u00e1logo L&#039;Bel Panam\u00e1 - abril 2026","og_description":"El cat\u00e1logo L'bel - L&#039;Bel Panam\u00e1 campa\u00f1a 17, ya est\u00e1 aqu\u00ed. Descubre las novedades en productos de maquillaje, perfumes y cuidado de la piel que tenemos para ti.","og_url":"https:\/\/mu-qas.lbel.com\/pa\/catalogo\/","og_site_name":"L&#039;Bel Panam\u00e1","article_modified_time":"2022-06-08T01:25:17+00:00","og_image":[{"width":1200,"height":628,"url":"https:\/\/trends.lbel.com\/pa\/wp-content\/uploads\/sites\/12\/2018\/10\/C17-FB-A.jpg","path":"\/var\/www\/html\/lbelmultisite\/wp-content\/uploads\/sites\/12\/2018\/10\/C17-FB-A.jpg","size":"full","id":"37055","alt":"","pixels":753600,"type":"image\/jpeg"}],"twitter_card":"summary_large_image","schema":{"@context":"https:\/\/schema.org","@graph":[{"@type":"WebSite","@id":"https:\/\/mu-qas.lbel.com\/pa\/#website","url":"https:\/\/mu-qas.lbel.com\/pa\/","name":"L&#039;Bel Panam\u00e1","description":"Otro sitio m\u00e1s de L&#039;Bel MultiSite","potentialAction":[{"@type":"SearchAction","target":{"@type":"EntryPoint","urlTemplate":"https:\/\/mu-qas.lbel.com\/pa\/?s={search_term_string}"},"query-input":"required name=search_term_string"}],"inLanguage":"es"},{"@type":"ImageObject","@id":"https:\/\/mu-qas.lbel.com\/pa\/catalogo\/#primaryimage","inLanguage":"es","url":"https:\/\/mu-qas.lbel.com\/pa\/wp-content\/uploads\/sites\/12\/2018\/10\/C17-FB-A.jpg","contentUrl":"https:\/\/mu-qas.lbel.com\/pa\/wp-content\/uploads\/sites\/12\/2018\/10\/C17-FB-A.jpg","width":1200,"height":628},{"@type":"WebPage","@id":"https:\/\/mu-qas.lbel.com\/pa\/catalogo\/#webpage","url":"https:\/\/mu-qas.lbel.com\/pa\/catalogo\/","name":"Cat\u00e1logo L&#039;Bel Panam\u00e1 - abril 2026","isPartOf":{"@id":"https:\/\/mu-qas.lbel.com\/pa\/#website"},"datePublished":"2018-06-21T13:04:20+00:00","dateModified":"2022-06-08T01:25:17+00:00","description":"El cat\u00e1logo L'bel - L&#039;Bel Panam\u00e1 campa\u00f1a 17, ya est\u00e1 aqu\u00ed. Descubre las novedades en productos de maquillaje, perfumes y cuidado de la piel que tenemos para ti.","breadcrumb":{"@id":"https:\/\/mu-qas.lbel.com\/pa\/catalogo\/#breadcrumb"},"inLanguage":"es","potentialAction":[{"@type":"ReadAction","target":["https:\/\/mu-qas.lbel.com\/pa\/catalogo\/"]}]},{"@type":"BreadcrumbList","@id":"https:\/\/mu-qas.lbel.com\/pa\/catalogo\/#breadcrumb","itemListElement":[{"@type":"ListItem","position":1,"name":"Portada","item":"https:\/\/mu-qas.lbel.com\/pa\/"},{"@type":"ListItem","position":2,"name":"Catalago"}]}]}},"_links":{"self":[{"href":"https:\/\/mu-qas.lbel.com\/pa\/wp-json\/wp\/v2\/pages\/32480"}],"collection":[{"href":"https:\/\/mu-qas.lbel.com\/pa\/wp-json\/wp\/v2\/pages"}],"about":[{"href":"https:\/\/mu-qas.lbel.com\/pa\/wp-json\/wp\/v2\/types\/page"}],"author":[{"embeddable":true,"href":"https:\/\/mu-qas.lbel.com\/pa\/wp-json\/wp\/v2\/users\/7"}],"replies":[{"embeddable":true,"href":"https:\/\/mu-qas.lbel.com\/pa\/wp-json\/wp\/v2\/comments?post=32480"}],"version-history":[{"count":76,"href":"https:\/\/mu-qas.lbel.com\/pa\/wp-json\/wp\/v2\/pages\/32480\/revisions"}],"predecessor-version":[{"id":55267,"href":"https:\/\/mu-qas.lbel.com\/pa\/wp-json\/wp\/v2\/pages\/32480\/revisions\/55267"}],"wp:attachment":[{"href":"https:\/\/mu-qas.lbel.com\/pa\/wp-json\/wp\/v2\/media?parent=32480"}],"curies":[{"name":"wp","href":"https:\/\/api.w.org\/{rel}","templated":true}]}}